{"id":11100,"date":"2019-11-12T08:34:10","date_gmt":"2019-11-12T08:34:10","guid":{"rendered":"https:\/\/herzoglaw.co.il\/elementor-5673\/"},"modified":"2023-01-31T07:19:09","modified_gmt":"2023-01-31T07:19:09","slug":"elementor-5673","status":"publish","type":"page","link":"https:\/\/herzoglaw.co.il\/fr\/","title":{"rendered":"HERZOG FOX &#038; NEEMAN"},"content":{"rendered":"<p style=\"text-align: justify; background: white; margin: 0cm 0cm 18.0pt 0cm;\"><strong><u>Notre cabinet<\/u><\/strong><u><\/u><\/p>\n<p style=\"text-align: justify; background: white; margin: 0cm 0cm 18.0pt 0cm;\">Au cours des quarante derni\u00e8res ann\u00e9es, Herzog Fox &amp; Neeman s&rsquo;est agrandie pour devenir le premier cabinet d&rsquo;avocats en Isra\u00ebl, et acquis une r\u00e9putation de leader sur le march\u00e9 en participant \u00e0 tous les d\u00e9veloppements majeurs de l\u2019\u00e9conomie isra\u00e9lienne.<\/p>\n<p style=\"text-align: justify; background: white; margin: 0cm 0cm 18.0pt 0cm;\">Tout d&rsquo;abord cr\u00e9\u00e9 en tant que cabinet boutique sp\u00e9cialis\u00e9 dans les affaires internationales, Herzog Fox &amp; Neeman continue aujourd&rsquo;hui d&rsquo;\u00eatre le cabinet d&rsquo;avocats de premier choix pour les soci\u00e9t\u00e9s multinationales. Notre exp\u00e9rience unique en mati\u00e8re de probl\u00e9matiques tant internes que transfrontali\u00e8res nous permet de r\u00e9pondre aux besoins juridiques de nos clients et de les accompagner dans tous les secteurs d&rsquo;activit\u00e9.<\/p>\n<p style=\"text-align: justify; background: white; margin: 0cm 0cm 18.0pt 0cm;\">Herzog a \u00e9t\u00e9 \u00e0 plusieurs reprises un pionnier dans de nouveaux domaines juridiques et est devenu le premier cabinet d&rsquo;avocats du pays \u00e0 cr\u00e9er des d\u00e9partements d\u00e9di\u00e9s \u00e0 des domaines tels que les crypto-monnaies, les fintech, les renovations urbaines, et plus encore.<\/p>\n<p style=\"text-align: justify; background: white; margin: 0cm 0cm 18.0pt 0cm;\">Reconnaissant l&rsquo;importance de la communaut\u00e9 technologique isra\u00e9lienne florissante op\u00e9rant dans la r\u00e9gion de la baie de San Francisco, Herzog a \u00e9t\u00e9 le premier cabinet d&rsquo;avocats isra\u00e9lien \u00e0 cr\u00e9er une branche dans la Silicon Valley.<\/p>\n<p style=\"text-align: justify; background: white; margin: 0cm 0cm 18.0pt 0cm;\"><strong><u>Taille et structure<\/u><\/strong><u><\/u><\/p>\n<p style=\"text-align: justify; background: white; margin: 0cm 0cm 18.0pt 0cm;\">Herzog Fox &amp; Neeman est le cabinet d&rsquo;avocats le plus diversifi\u00e9 d&rsquo;Isra\u00ebl et rassemble plus de 380 avocats dont plus de 145 sont associ\u00e9s. Le cabinet compte parmi ses collaborateurs des avocats reconnus comme les plus brillants de leur profession, poss\u00e9dant \u00e0 la fois une connaissance approfondie des march\u00e9s locaux et une maitrise juridique des enjeux internationaux.<\/p>\n<p style=\"text-align: justify; background: white; margin: 0cm 0cm 18.0pt 0cm;\">Herzog Fox &amp; Neeman emploie plus de 50 avocats poss\u00e9dant une double qualification, qui sont n\u00e9s \u00e0 l&rsquo;\u00e9tranger et qui ont travaill\u00e9 dans des entreprises r\u00e9put\u00e9es dans des pays anglo-saxons. Ainsi, dans cette perspective internationale de notre mission d&rsquo;avocats, la majorit\u00e9 de notre travail est men\u00e9e en anglais, et nous disposons \u00e9galement d&rsquo;avocats parlant l&rsquo;allemand, le francais, le chinois, le japonais, le cor\u00e9en, le russe, le portugais, ainsi que l&rsquo;arabe.<\/p>\n<p style=\"text-align: justify; background: white; margin: 0cm 0cm 18.0pt 0cm;\"><strong><u>Classement et distinctions<\/u><\/strong><u><\/u><\/p>\n<p style=\"text-align: justify; background: white; margin: 0cm 0cm 18.0pt 0cm;\">Cet engagement d&rsquo;excellence d&rsquo;Herzog Fox &amp; Neeman se refl\u00e8te dans son statut de premier plan dans toutes les grandes publications nationales et internationales. Chaque ann\u00e9e, notre cabinet est distingu\u00e9 par les plus grands guides de classements de services aux clients, dans le premier tiers dans la majorit\u00e9 des pratiques juridiques. Il s&rsquo;agit notamment des classements European Legal 500, Chambers Global, IFLR 1000, BDI et Dun and Bradstreet. Ainsi, Herzog Fox &amp; Neeman est reconnu comme le premier cabinet isra\u00e9lien, notamment par le Financial Times et Mergermarket, IFLR, Who&rsquo;s Who Legal .<\/p>\n<h3><u>COORDONN\u00c9ES<\/u><\/h3>\n<p>Herzog Tower<br \/>\n4 Yitzhak Sade St<br \/>\nTel Aviv<br \/>\n6777504<br \/>\nIsrael<\/p>\n<h3>Tel: +972 3 692 2020<br \/>\nFax: +972 3 696 6464<\/h3>\n","protected":false},"excerpt":{"rendered":"<p>Notre cabinet Au cours des quarante derni\u00e8res ann\u00e9es, Herzog Fox &amp; Neeman s&rsquo;est agrandie pour devenir le premier cabinet d&rsquo;avocats en Isra\u00ebl, et acquis une r\u00e9putation de leader sur le march\u00e9 en participant \u00e0 tous les d\u00e9veloppements majeurs de l\u2019\u00e9conomie isra\u00e9lienne. Tout d&rsquo;abord cr\u00e9\u00e9 en tant que cabinet boutique sp\u00e9cialis\u00e9 dans les affaires internationales, Herzog [&hellip;]<\/p>\n","protected":false},"author":1,"featured_media":11101,"parent":0,"menu_order":0,"comment_status":"closed","ping_status":"closed","template":"elementor_header_footer","meta":{"_acf_changed":false,"_relevanssi_hide_post":"","_relevanssi_pin_for_all":"","_relevanssi_pin_keywords":"","_relevanssi_unpin_keywords":"","_relevanssi_related_keywords":"","_relevanssi_related_include_ids":"","_relevanssi_related_exclude_ids":"","_relevanssi_related_no_append":"","_relevanssi_related_not_related":"","_relevanssi_related_posts":"","_relevanssi_noindex_reason":"","footnotes":""},"class_list":["post-11100","page","type-page","status-publish","has-post-thumbnail","hentry"],"acf":[],"yoast_head":"<!-- This site is optimized with the Yoast SEO plugin v23.4 - https:\/\/yoast.com\/wordpress\/plugins\/seo\/ -->\n<title>HERZOG FOX &amp; NEEMAN - Herzoglaw | Israeli Law Firm<\/title>\n<meta name=\"robots\" content=\"index, follow, max-snippet:-1, max-image-preview:large, max-video-preview:-1\" \/>\n<link rel=\"canonical\" href=\"https:\/\/herzoglaw.co.il\/fr\/\" \/>\n<meta property=\"og:locale\" content=\"fr_FR\" \/>\n<meta property=\"og:type\" content=\"article\" \/>\n<meta property=\"og:title\" content=\"HERZOG FOX &amp; NEEMAN - Herzoglaw | Israeli Law Firm\" \/>\n<meta property=\"og:description\" content=\"Notre cabinet Au cours des quarante derni\u00e8res ann\u00e9es, Herzog Fox &amp; Neeman s&rsquo;est agrandie pour devenir le premier cabinet d&rsquo;avocats en Isra\u00ebl, et acquis une r\u00e9putation de leader sur le march\u00e9 en participant \u00e0 tous les d\u00e9veloppements majeurs de l\u2019\u00e9conomie isra\u00e9lienne. Tout d&rsquo;abord cr\u00e9\u00e9 en tant que cabinet boutique sp\u00e9cialis\u00e9 dans les affaires internationales, Herzog [&hellip;]\" \/>\n<meta property=\"og:url\" content=\"https:\/\/herzoglaw.co.il\/fr\/\" \/>\n<meta property=\"og:site_name\" content=\"Herzoglaw | Israeli Law Firm\" \/>\n<meta property=\"article:publisher\" content=\"https:\/\/www.facebook.com\/HerzogFoxNeeman\" \/>\n<meta property=\"article:modified_time\" content=\"2023-01-31T07:19:09+00:00\" \/>\n<meta property=\"og:image\" content=\"https:\/\/herzoglaw.co.il\/wp-content\/uploads\/2019\/07\/herzog-logo.png\" \/>\n\t<meta property=\"og:image:width\" content=\"600\" \/>\n\t<meta property=\"og:image:height\" content=\"363\" \/>\n\t<meta property=\"og:image:type\" content=\"image\/png\" \/>\n<meta name=\"twitter:card\" content=\"summary_large_image\" \/>\n<meta name=\"twitter:site\" content=\"@hfnlaw\" \/>\n<meta name=\"twitter:label1\" content=\"Dur\u00e9e de lecture estim\u00e9e\" \/>\n\t<meta name=\"twitter:data1\" content=\"2 minutes\" \/>\n<script type=\"application\/ld+json\" class=\"yoast-schema-graph\">{\"@context\":\"https:\/\/schema.org\",\"@graph\":[{\"@type\":\"WebPage\",\"@id\":\"https:\/\/herzoglaw.co.il\/fr\/\",\"url\":\"https:\/\/herzoglaw.co.il\/fr\/\",\"name\":\"HERZOG FOX & NEEMAN - Herzoglaw | Israeli Law Firm\",\"isPartOf\":{\"@id\":\"https:\/\/herzoglaw.co.il\/fr\/#website\"},\"primaryImageOfPage\":{\"@id\":\"https:\/\/herzoglaw.co.il\/fr\/#primaryimage\"},\"image\":{\"@id\":\"https:\/\/herzoglaw.co.il\/fr\/#primaryimage\"},\"thumbnailUrl\":\"https:\/\/herzoglaw.co.il\/wp-content\/uploads\/2019\/07\/herzog-logo.png\",\"datePublished\":\"2019-11-12T08:34:10+00:00\",\"dateModified\":\"2023-01-31T07:19:09+00:00\",\"breadcrumb\":{\"@id\":\"https:\/\/herzoglaw.co.il\/fr\/#breadcrumb\"},\"inLanguage\":\"fr-FR\",\"potentialAction\":[{\"@type\":\"ReadAction\",\"target\":[\"https:\/\/herzoglaw.co.il\/fr\/\"]}]},{\"@type\":\"ImageObject\",\"inLanguage\":\"fr-FR\",\"@id\":\"https:\/\/herzoglaw.co.il\/fr\/#primaryimage\",\"url\":\"https:\/\/herzoglaw.co.il\/wp-content\/uploads\/2019\/07\/herzog-logo.png\",\"contentUrl\":\"https:\/\/herzoglaw.co.il\/wp-content\/uploads\/2019\/07\/herzog-logo.png\",\"width\":600,\"height\":363},{\"@type\":\"BreadcrumbList\",\"@id\":\"https:\/\/herzoglaw.co.il\/fr\/#breadcrumb\",\"itemListElement\":[{\"@type\":\"ListItem\",\"position\":1,\"name\":\"\u05e2\u05de\u05d5\u05d3 \u05d4\u05d1\u05d9\u05ea\",\"item\":\"https:\/\/herzoglaw.co.il\/fr\/\"},{\"@type\":\"ListItem\",\"position\":2,\"name\":\"HERZOG FOX &#038; NEEMAN\"}]},{\"@type\":\"WebSite\",\"@id\":\"https:\/\/herzoglaw.co.il\/fr\/#website\",\"url\":\"https:\/\/herzoglaw.co.il\/fr\/\",\"name\":\"Herzoglaw | Israeli Law Firm\",\"description\":\"Renowned for a Reason\",\"publisher\":{\"@id\":\"https:\/\/herzoglaw.co.il\/fr\/#organization\"},\"potentialAction\":[{\"@type\":\"SearchAction\",\"target\":{\"@type\":\"EntryPoint\",\"urlTemplate\":\"https:\/\/herzoglaw.co.il\/fr\/?s={search_term_string}\"},\"query-input\":{\"@type\":\"PropertyValueSpecification\",\"valueRequired\":true,\"valueName\":\"search_term_string\"}}],\"inLanguage\":\"fr-FR\"},{\"@type\":\"Organization\",\"@id\":\"https:\/\/herzoglaw.co.il\/fr\/#organization\",\"name\":\"Herzog\",\"url\":\"https:\/\/herzoglaw.co.il\/fr\/\",\"logo\":{\"@type\":\"ImageObject\",\"inLanguage\":\"fr-FR\",\"@id\":\"https:\/\/herzoglaw.co.il\/fr\/#\/schema\/logo\/image\/\",\"url\":\"https:\/\/herzoglaw.co.il\/wp-content\/uploads\/2023\/06\/Herzog-blue-logo-scaled.jpg\",\"contentUrl\":\"https:\/\/herzoglaw.co.il\/wp-content\/uploads\/2023\/06\/Herzog-blue-logo-scaled.jpg\",\"width\":2560,\"height\":1692,\"caption\":\"Herzog\"},\"image\":{\"@id\":\"https:\/\/herzoglaw.co.il\/fr\/#\/schema\/logo\/image\/\"},\"sameAs\":[\"https:\/\/www.facebook.com\/HerzogFoxNeeman\",\"https:\/\/x.com\/hfnlaw\",\"https:\/\/www.instagram.com\/life_at_herzog\/\",\"https:\/\/www.linkedin.com\/company\/herzoglaw\/mycompany\/\",\"https:\/\/www.youtube.com\/channel\/UC5z5BMMMaXHs6nO3RN__1cg\"]}]}<\/script>\n<!-- \/ Yoast SEO plugin. -->","yoast_head_json":{"title":"HERZOG FOX & NEEMAN - Herzoglaw | Israeli Law Firm","robots":{"index":"index","follow":"follow","max-snippet":"max-snippet:-1","max-image-preview":"max-image-preview:large","max-video-preview":"max-video-preview:-1"},"canonical":"https:\/\/herzoglaw.co.il\/fr\/","og_locale":"fr_FR","og_type":"article","og_title":"HERZOG FOX & NEEMAN - Herzoglaw | Israeli Law Firm","og_description":"Notre cabinet Au cours des quarante derni\u00e8res ann\u00e9es, Herzog Fox &amp; Neeman s&rsquo;est agrandie pour devenir le premier cabinet d&rsquo;avocats en Isra\u00ebl, et acquis une r\u00e9putation de leader sur le march\u00e9 en participant \u00e0 tous les d\u00e9veloppements majeurs de l\u2019\u00e9conomie isra\u00e9lienne. Tout d&rsquo;abord cr\u00e9\u00e9 en tant que cabinet boutique sp\u00e9cialis\u00e9 dans les affaires internationales, Herzog [&hellip;]","og_url":"https:\/\/herzoglaw.co.il\/fr\/","og_site_name":"Herzoglaw | Israeli Law Firm","article_publisher":"https:\/\/www.facebook.com\/HerzogFoxNeeman","article_modified_time":"2023-01-31T07:19:09+00:00","og_image":[{"width":600,"height":363,"url":"https:\/\/herzoglaw.co.il\/wp-content\/uploads\/2019\/07\/herzog-logo.png","type":"image\/png"}],"twitter_card":"summary_large_image","twitter_site":"@hfnlaw","twitter_misc":{"Dur\u00e9e de lecture estim\u00e9e":"2 minutes"},"schema":{"@context":"https:\/\/schema.org","@graph":[{"@type":"WebPage","@id":"https:\/\/herzoglaw.co.il\/fr\/","url":"https:\/\/herzoglaw.co.il\/fr\/","name":"HERZOG FOX & NEEMAN - Herzoglaw | Israeli Law Firm","isPartOf":{"@id":"https:\/\/herzoglaw.co.il\/fr\/#website"},"primaryImageOfPage":{"@id":"https:\/\/herzoglaw.co.il\/fr\/#primaryimage"},"image":{"@id":"https:\/\/herzoglaw.co.il\/fr\/#primaryimage"},"thumbnailUrl":"https:\/\/herzoglaw.co.il\/wp-content\/uploads\/2019\/07\/herzog-logo.png","datePublished":"2019-11-12T08:34:10+00:00","dateModified":"2023-01-31T07:19:09+00:00","breadcrumb":{"@id":"https:\/\/herzoglaw.co.il\/fr\/#breadcrumb"},"inLanguage":"fr-FR","potentialAction":[{"@type":"ReadAction","target":["https:\/\/herzoglaw.co.il\/fr\/"]}]},{"@type":"ImageObject","inLanguage":"fr-FR","@id":"https:\/\/herzoglaw.co.il\/fr\/#primaryimage","url":"https:\/\/herzoglaw.co.il\/wp-content\/uploads\/2019\/07\/herzog-logo.png","contentUrl":"https:\/\/herzoglaw.co.il\/wp-content\/uploads\/2019\/07\/herzog-logo.png","width":600,"height":363},{"@type":"BreadcrumbList","@id":"https:\/\/herzoglaw.co.il\/fr\/#breadcrumb","itemListElement":[{"@type":"ListItem","position":1,"name":"\u05e2\u05de\u05d5\u05d3 \u05d4\u05d1\u05d9\u05ea","item":"https:\/\/herzoglaw.co.il\/fr\/"},{"@type":"ListItem","position":2,"name":"HERZOG FOX &#038; NEEMAN"}]},{"@type":"WebSite","@id":"https:\/\/herzoglaw.co.il\/fr\/#website","url":"https:\/\/herzoglaw.co.il\/fr\/","name":"Herzoglaw | Israeli Law Firm","description":"Renowned for a Reason","publisher":{"@id":"https:\/\/herzoglaw.co.il\/fr\/#organization"},"potentialAction":[{"@type":"SearchAction","target":{"@type":"EntryPoint","urlTemplate":"https:\/\/herzoglaw.co.il\/fr\/?s={search_term_string}"},"query-input":{"@type":"PropertyValueSpecification","valueRequired":true,"valueName":"search_term_string"}}],"inLanguage":"fr-FR"},{"@type":"Organization","@id":"https:\/\/herzoglaw.co.il\/fr\/#organization","name":"Herzog","url":"https:\/\/herzoglaw.co.il\/fr\/","logo":{"@type":"ImageObject","inLanguage":"fr-FR","@id":"https:\/\/herzoglaw.co.il\/fr\/#\/schema\/logo\/image\/","url":"https:\/\/herzoglaw.co.il\/wp-content\/uploads\/2023\/06\/Herzog-blue-logo-scaled.jpg","contentUrl":"https:\/\/herzoglaw.co.il\/wp-content\/uploads\/2023\/06\/Herzog-blue-logo-scaled.jpg","width":2560,"height":1692,"caption":"Herzog"},"image":{"@id":"https:\/\/herzoglaw.co.il\/fr\/#\/schema\/logo\/image\/"},"sameAs":["https:\/\/www.facebook.com\/HerzogFoxNeeman","https:\/\/x.com\/hfnlaw","https:\/\/www.instagram.com\/life_at_herzog\/","https:\/\/www.linkedin.com\/company\/herzoglaw\/mycompany\/","https:\/\/www.youtube.com\/channel\/UC5z5BMMMaXHs6nO3RN__1cg"]}]}},"_links":{"self":[{"href":"https:\/\/herzoglaw.co.il\/fr\/wp-json\/wp\/v2\/pages\/11100","targetHints":{"allow":["GET"]}}],"collection":[{"href":"https:\/\/herzoglaw.co.il\/fr\/wp-json\/wp\/v2\/pages"}],"about":[{"href":"https:\/\/herzoglaw.co.il\/fr\/wp-json\/wp\/v2\/types\/page"}],"author":[{"embeddable":true,"href":"https:\/\/herzoglaw.co.il\/fr\/wp-json\/wp\/v2\/users\/1"}],"replies":[{"embeddable":true,"href":"https:\/\/herzoglaw.co.il\/fr\/wp-json\/wp\/v2\/comments?post=11100"}],"version-history":[{"count":3,"href":"https:\/\/herzoglaw.co.il\/fr\/wp-json\/wp\/v2\/pages\/11100\/revisions"}],"predecessor-version":[{"id":48595,"href":"https:\/\/herzoglaw.co.il\/fr\/wp-json\/wp\/v2\/pages\/11100\/revisions\/48595"}],"wp:featuredmedia":[{"embeddable":true,"href":"https:\/\/herzoglaw.co.il\/fr\/wp-json\/wp\/v2\/media\/11101"}],"wp:attachment":[{"href":"https:\/\/herzoglaw.co.il\/fr\/wp-json\/wp\/v2\/media?parent=11100"}],"curies":[{"name":"wp","href":"https:\/\/api.w.org\/{rel}","templated":true}]}}