{"id":9774,"date":"2019-11-12T08:34:10","date_gmt":"2019-11-12T08:34:10","guid":{"rendered":"https:\/\/herzoglaw.co.il\/elementor-5673\/"},"modified":"2023-01-31T07:23:54","modified_gmt":"2023-01-31T07:23:54","slug":"elementor-5673","status":"publish","type":"page","link":"https:\/\/herzoglaw.co.il\/es\/","title":{"rendered":"HERZOG FOX Y NEEMAN"},"content":{"rendered":"<p>Como una firma l\u00edder de abogados comerciales en Israel,&nbsp;somos los ideales para aconsejarles sobre todos los aspectos de las leyes de Israel y la pr\u00e1ctica de negocios.<br \/>\nNuestra firma tiene m\u00e1s de veinte \u00e1reas diferentes de pr\u00e1ctica (para una lista completa, dir\u00edjase a \u00c1reas de Practica), cada una con personales expertos destacados en la materia.<br \/>\nNosotros combinamos este profesionalismo colectivo con el compromiso para responder a las necesidades espec\u00edficas de cada cliente, con el objetivo de ofrecerles a nuestros clientes internacionales un paquete completo de servicios jur\u00eddicos.<br \/>\nMuchos de nuestros abogados han trabajado con firmas l\u00edderes de abogados fuera de Israel, fortaleciendo aun m\u00e1s nuestra capacidad para conocer las normas internacionales.<u><\/u><u><\/u><\/p>\n<p>Nuestra pr\u00e1ctica se basa en principios que hacen \u00e9nfasis en una cuidadosa evaluaci\u00f3n de los aspectos legales y de negocios, solucionando problemas sistem\u00e1ticos desde una variedad de perspectivas y asesorando a nuestros clientes de forma eficaz y oportuna.<u><\/u><u><\/u><\/p>\n<p>Nosotros entendemos las expectativas que ustedes tienen de su firma de abogados cuando realizan negocios con un pa\u00eds extranjero y por eso podemos proporcionar la experiencia, conocimiento y nivel de servicio que ustedes esperan y necesitan para tener \u00e9xito en Israel.<u><\/u><u><\/u><\/p>\n<p>Para m\u00e1s informaci\u00f3n, por favor cont\u00e1ctenos (<a href=\"mailto:contact@herzoglaw.co.il\" target=\"_blank\" rel=\"noopener noreferrer\">contact@herzoglaw.co.il<\/a>) o visite nuestro completo sitio web en&nbsp;<a href=\"http:\/\/www.herzoglaw.co.il\/\" target=\"_blank\" rel=\"noopener noreferrer\" data-saferedirecturl=\"https:\/\/www.google.com\/url?q=http:\/\/www.herzoglaw.co.il&amp;source=gmail&amp;ust=1583144523833000&amp;usg=AFQjCNHxoX622y1al8dPvYaQjMz4ix2VWQ\">www.herzoglaw.co.il<\/a>.<u><\/u><u><\/u><\/p>\n<p>Nota: Esta p\u00e1gina esta presentada en Espa\u00f1ol<b>&nbsp;<\/b>&nbsp;\u00fanicamente para prop\u00f3sitos promocionales y no indica que los abogados de HFN puedan trabajar en Espa\u00f1ol.<\/p>\n<p>INFORMACI\u00d3N DE CONTACTO<\/p>\n<p>Herzog Tower<br \/>\n4 Yitzhak Sade St<br \/>\nTel Aviv<br \/>\n6777504<br \/>\nIsrael<\/p>\n<p>Tel: +972 3 692 2020<br \/>\nFax: +972 3 696 6464<\/p>\n","protected":false},"excerpt":{"rendered":"<p>Como una firma l\u00edder de abogados comerciales en Israel,&nbsp;somos los ideales para aconsejarles sobre todos los aspectos de las leyes de Israel y la pr\u00e1ctica de negocios. Nuestra firma tiene m\u00e1s de veinte \u00e1reas diferentes de pr\u00e1ctica (para una lista completa, dir\u00edjase a \u00c1reas de Practica), cada una con personales expertos destacados en la materia. [&hellip;]<\/p>\n","protected":false},"author":1,"featured_media":9775,"parent":0,"menu_order":0,"comment_status":"closed","ping_status":"closed","template":"elementor_header_footer","meta":{"_acf_changed":false,"_relevanssi_hide_post":"","_relevanssi_pin_for_all":"","_relevanssi_pin_keywords":"","_relevanssi_unpin_keywords":"","_relevanssi_related_keywords":"","_relevanssi_related_include_ids":"","_relevanssi_related_exclude_ids":"","_relevanssi_related_no_append":"","_relevanssi_related_not_related":"","_relevanssi_related_posts":"","_relevanssi_noindex_reason":"","footnotes":""},"class_list":["post-9774","page","type-page","status-publish","has-post-thumbnail","hentry"],"acf":[],"yoast_head":"<!-- This site is optimized with the Yoast SEO plugin v23.4 - https:\/\/yoast.com\/wordpress\/plugins\/seo\/ -->\n<title>HERZOG FOX Y NEEMAN - Herzoglaw | Israeli Law Firm<\/title>\n<meta name=\"robots\" content=\"index, follow, max-snippet:-1, max-image-preview:large, max-video-preview:-1\" \/>\n<link rel=\"canonical\" href=\"https:\/\/herzoglaw.co.il\/es\/\" \/>\n<meta property=\"og:locale\" content=\"es_ES\" \/>\n<meta property=\"og:type\" content=\"article\" \/>\n<meta property=\"og:title\" content=\"HERZOG FOX Y NEEMAN - Herzoglaw | Israeli Law Firm\" \/>\n<meta property=\"og:description\" content=\"Como una firma l\u00edder de abogados comerciales en Israel,&nbsp;somos los ideales para aconsejarles sobre todos los aspectos de las leyes de Israel y la pr\u00e1ctica de negocios. Nuestra firma tiene m\u00e1s de veinte \u00e1reas diferentes de pr\u00e1ctica (para una lista completa, dir\u00edjase a \u00c1reas de Practica), cada una con personales expertos destacados en la materia. [&hellip;]\" \/>\n<meta property=\"og:url\" content=\"https:\/\/herzoglaw.co.il\/es\/\" \/>\n<meta property=\"og:site_name\" content=\"Herzoglaw | Israeli Law Firm\" \/>\n<meta property=\"article:publisher\" content=\"https:\/\/www.facebook.com\/HerzogFoxNeeman\" \/>\n<meta property=\"article:modified_time\" content=\"2023-01-31T07:23:54+00:00\" \/>\n<meta property=\"og:image\" content=\"https:\/\/herzoglaw.co.il\/wp-content\/uploads\/2019\/07\/herzog-logo.png\" \/>\n\t<meta property=\"og:image:width\" content=\"600\" \/>\n\t<meta property=\"og:image:height\" content=\"363\" \/>\n\t<meta property=\"og:image:type\" content=\"image\/png\" \/>\n<meta name=\"twitter:card\" content=\"summary_large_image\" \/>\n<meta name=\"twitter:site\" content=\"@hfnlaw\" \/>\n<meta name=\"twitter:label1\" content=\"Tiempo de lectura\" \/>\n\t<meta name=\"twitter:data1\" content=\"2 minutos\" \/>\n<script type=\"application\/ld+json\" class=\"yoast-schema-graph\">{\"@context\":\"https:\/\/schema.org\",\"@graph\":[{\"@type\":\"WebPage\",\"@id\":\"https:\/\/herzoglaw.co.il\/es\/\",\"url\":\"https:\/\/herzoglaw.co.il\/es\/\",\"name\":\"HERZOG FOX Y NEEMAN - Herzoglaw | Israeli Law Firm\",\"isPartOf\":{\"@id\":\"https:\/\/herzoglaw.co.il\/es\/#website\"},\"primaryImageOfPage\":{\"@id\":\"https:\/\/herzoglaw.co.il\/es\/#primaryimage\"},\"image\":{\"@id\":\"https:\/\/herzoglaw.co.il\/es\/#primaryimage\"},\"thumbnailUrl\":\"https:\/\/herzoglaw.co.il\/wp-content\/uploads\/2019\/07\/herzog-logo.png\",\"datePublished\":\"2019-11-12T08:34:10+00:00\",\"dateModified\":\"2023-01-31T07:23:54+00:00\",\"breadcrumb\":{\"@id\":\"https:\/\/herzoglaw.co.il\/es\/#breadcrumb\"},\"inLanguage\":\"es\",\"potentialAction\":[{\"@type\":\"ReadAction\",\"target\":[\"https:\/\/herzoglaw.co.il\/es\/\"]}]},{\"@type\":\"ImageObject\",\"inLanguage\":\"es\",\"@id\":\"https:\/\/herzoglaw.co.il\/es\/#primaryimage\",\"url\":\"https:\/\/herzoglaw.co.il\/wp-content\/uploads\/2019\/07\/herzog-logo.png\",\"contentUrl\":\"https:\/\/herzoglaw.co.il\/wp-content\/uploads\/2019\/07\/herzog-logo.png\",\"width\":600,\"height\":363},{\"@type\":\"BreadcrumbList\",\"@id\":\"https:\/\/herzoglaw.co.il\/es\/#breadcrumb\",\"itemListElement\":[{\"@type\":\"ListItem\",\"position\":1,\"name\":\"\u05e2\u05de\u05d5\u05d3 \u05d4\u05d1\u05d9\u05ea\",\"item\":\"https:\/\/herzoglaw.co.il\/es\/\"},{\"@type\":\"ListItem\",\"position\":2,\"name\":\"HERZOG FOX Y NEEMAN\"}]},{\"@type\":\"WebSite\",\"@id\":\"https:\/\/herzoglaw.co.il\/es\/#website\",\"url\":\"https:\/\/herzoglaw.co.il\/es\/\",\"name\":\"Herzoglaw | Israeli Law Firm\",\"description\":\"Renowned for a Reason\",\"publisher\":{\"@id\":\"https:\/\/herzoglaw.co.il\/es\/#organization\"},\"potentialAction\":[{\"@type\":\"SearchAction\",\"target\":{\"@type\":\"EntryPoint\",\"urlTemplate\":\"https:\/\/herzoglaw.co.il\/es\/?s={search_term_string}\"},\"query-input\":{\"@type\":\"PropertyValueSpecification\",\"valueRequired\":true,\"valueName\":\"search_term_string\"}}],\"inLanguage\":\"es\"},{\"@type\":\"Organization\",\"@id\":\"https:\/\/herzoglaw.co.il\/es\/#organization\",\"name\":\"Herzog\",\"url\":\"https:\/\/herzoglaw.co.il\/es\/\",\"logo\":{\"@type\":\"ImageObject\",\"inLanguage\":\"es\",\"@id\":\"https:\/\/herzoglaw.co.il\/es\/#\/schema\/logo\/image\/\",\"url\":\"https:\/\/herzoglaw.co.il\/wp-content\/uploads\/2023\/06\/Herzog-blue-logo-scaled.jpg\",\"contentUrl\":\"https:\/\/herzoglaw.co.il\/wp-content\/uploads\/2023\/06\/Herzog-blue-logo-scaled.jpg\",\"width\":2560,\"height\":1692,\"caption\":\"Herzog\"},\"image\":{\"@id\":\"https:\/\/herzoglaw.co.il\/es\/#\/schema\/logo\/image\/\"},\"sameAs\":[\"https:\/\/www.facebook.com\/HerzogFoxNeeman\",\"https:\/\/x.com\/hfnlaw\",\"https:\/\/www.instagram.com\/life_at_herzog\/\",\"https:\/\/www.linkedin.com\/company\/herzoglaw\/mycompany\/\",\"https:\/\/www.youtube.com\/channel\/UC5z5BMMMaXHs6nO3RN__1cg\"]}]}<\/script>\n<!-- \/ Yoast SEO plugin. -->","yoast_head_json":{"title":"HERZOG FOX Y NEEMAN - Herzoglaw | Israeli Law Firm","robots":{"index":"index","follow":"follow","max-snippet":"max-snippet:-1","max-image-preview":"max-image-preview:large","max-video-preview":"max-video-preview:-1"},"canonical":"https:\/\/herzoglaw.co.il\/es\/","og_locale":"es_ES","og_type":"article","og_title":"HERZOG FOX Y NEEMAN - Herzoglaw | Israeli Law Firm","og_description":"Como una firma l\u00edder de abogados comerciales en Israel,&nbsp;somos los ideales para aconsejarles sobre todos los aspectos de las leyes de Israel y la pr\u00e1ctica de negocios. Nuestra firma tiene m\u00e1s de veinte \u00e1reas diferentes de pr\u00e1ctica (para una lista completa, dir\u00edjase a \u00c1reas de Practica), cada una con personales expertos destacados en la materia. [&hellip;]","og_url":"https:\/\/herzoglaw.co.il\/es\/","og_site_name":"Herzoglaw | Israeli Law Firm","article_publisher":"https:\/\/www.facebook.com\/HerzogFoxNeeman","article_modified_time":"2023-01-31T07:23:54+00:00","og_image":[{"width":600,"height":363,"url":"https:\/\/herzoglaw.co.il\/wp-content\/uploads\/2019\/07\/herzog-logo.png","type":"image\/png"}],"twitter_card":"summary_large_image","twitter_site":"@hfnlaw","twitter_misc":{"Tiempo de lectura":"2 minutos"},"schema":{"@context":"https:\/\/schema.org","@graph":[{"@type":"WebPage","@id":"https:\/\/herzoglaw.co.il\/es\/","url":"https:\/\/herzoglaw.co.il\/es\/","name":"HERZOG FOX Y NEEMAN - Herzoglaw | Israeli Law Firm","isPartOf":{"@id":"https:\/\/herzoglaw.co.il\/es\/#website"},"primaryImageOfPage":{"@id":"https:\/\/herzoglaw.co.il\/es\/#primaryimage"},"image":{"@id":"https:\/\/herzoglaw.co.il\/es\/#primaryimage"},"thumbnailUrl":"https:\/\/herzoglaw.co.il\/wp-content\/uploads\/2019\/07\/herzog-logo.png","datePublished":"2019-11-12T08:34:10+00:00","dateModified":"2023-01-31T07:23:54+00:00","breadcrumb":{"@id":"https:\/\/herzoglaw.co.il\/es\/#breadcrumb"},"inLanguage":"es","potentialAction":[{"@type":"ReadAction","target":["https:\/\/herzoglaw.co.il\/es\/"]}]},{"@type":"ImageObject","inLanguage":"es","@id":"https:\/\/herzoglaw.co.il\/es\/#primaryimage","url":"https:\/\/herzoglaw.co.il\/wp-content\/uploads\/2019\/07\/herzog-logo.png","contentUrl":"https:\/\/herzoglaw.co.il\/wp-content\/uploads\/2019\/07\/herzog-logo.png","width":600,"height":363},{"@type":"BreadcrumbList","@id":"https:\/\/herzoglaw.co.il\/es\/#breadcrumb","itemListElement":[{"@type":"ListItem","position":1,"name":"\u05e2\u05de\u05d5\u05d3 \u05d4\u05d1\u05d9\u05ea","item":"https:\/\/herzoglaw.co.il\/es\/"},{"@type":"ListItem","position":2,"name":"HERZOG FOX Y NEEMAN"}]},{"@type":"WebSite","@id":"https:\/\/herzoglaw.co.il\/es\/#website","url":"https:\/\/herzoglaw.co.il\/es\/","name":"Herzoglaw | Israeli Law Firm","description":"Renowned for a Reason","publisher":{"@id":"https:\/\/herzoglaw.co.il\/es\/#organization"},"potentialAction":[{"@type":"SearchAction","target":{"@type":"EntryPoint","urlTemplate":"https:\/\/herzoglaw.co.il\/es\/?s={search_term_string}"},"query-input":{"@type":"PropertyValueSpecification","valueRequired":true,"valueName":"search_term_string"}}],"inLanguage":"es"},{"@type":"Organization","@id":"https:\/\/herzoglaw.co.il\/es\/#organization","name":"Herzog","url":"https:\/\/herzoglaw.co.il\/es\/","logo":{"@type":"ImageObject","inLanguage":"es","@id":"https:\/\/herzoglaw.co.il\/es\/#\/schema\/logo\/image\/","url":"https:\/\/herzoglaw.co.il\/wp-content\/uploads\/2023\/06\/Herzog-blue-logo-scaled.jpg","contentUrl":"https:\/\/herzoglaw.co.il\/wp-content\/uploads\/2023\/06\/Herzog-blue-logo-scaled.jpg","width":2560,"height":1692,"caption":"Herzog"},"image":{"@id":"https:\/\/herzoglaw.co.il\/es\/#\/schema\/logo\/image\/"},"sameAs":["https:\/\/www.facebook.com\/HerzogFoxNeeman","https:\/\/x.com\/hfnlaw","https:\/\/www.instagram.com\/life_at_herzog\/","https:\/\/www.linkedin.com\/company\/herzoglaw\/mycompany\/","https:\/\/www.youtube.com\/channel\/UC5z5BMMMaXHs6nO3RN__1cg"]}]}},"_links":{"self":[{"href":"https:\/\/herzoglaw.co.il\/es\/wp-json\/wp\/v2\/pages\/9774","targetHints":{"allow":["GET"]}}],"collection":[{"href":"https:\/\/herzoglaw.co.il\/es\/wp-json\/wp\/v2\/pages"}],"about":[{"href":"https:\/\/herzoglaw.co.il\/es\/wp-json\/wp\/v2\/types\/page"}],"author":[{"embeddable":true,"href":"https:\/\/herzoglaw.co.il\/es\/wp-json\/wp\/v2\/users\/1"}],"replies":[{"embeddable":true,"href":"https:\/\/herzoglaw.co.il\/es\/wp-json\/wp\/v2\/comments?post=9774"}],"version-history":[{"count":2,"href":"https:\/\/herzoglaw.co.il\/es\/wp-json\/wp\/v2\/pages\/9774\/revisions"}],"predecessor-version":[{"id":48596,"href":"https:\/\/herzoglaw.co.il\/es\/wp-json\/wp\/v2\/pages\/9774\/revisions\/48596"}],"wp:featuredmedia":[{"embeddable":true,"href":"https:\/\/herzoglaw.co.il\/es\/wp-json\/wp\/v2\/media\/9775"}],"wp:attachment":[{"href":"https:\/\/herzoglaw.co.il\/es\/wp-json\/wp\/v2\/media?parent=9774"}],"curies":[{"name":"wp","href":"https:\/\/api.w.org\/{rel}","templated":true}]}}